{"id":140,"date":"2025-05-30T13:27:04","date_gmt":"2025-05-30T11:27:04","guid":{"rendered":"https:\/\/campus.meidling.vhs.at\/php02\/wordpress\/?page_id=140"},"modified":"2025-06-01T17:56:02","modified_gmt":"2025-06-01T15:56:02","slug":"nagelstets-des-monats","status":"publish","type":"page","link":"https:\/\/campus.meidling.vhs.at\/php02\/wordpress\/index.php\/nagelstets-des-monats\/","title":{"rendered":"Nagelstets des Monats"},"content":{"rendered":"\t\t<div data-elementor-type=\"wp-page\" data-elementor-id=\"140\" class=\"elementor elementor-140\">\n\t\t\t\t<div class=\"elementor-element elementor-element-c0ddd34 e-flex e-con-boxed e-con e-parent\" data-id=\"c0ddd34\" data-element_type=\"container\" data-settings=\"{&quot;background_background&quot;:&quot;gradient&quot;}\">\n\t\t\t\t\t<div class=\"e-con-inner\">\n\t\t\t\t<div class=\"elementor-element elementor-element-f98415b elementor-widget elementor-widget-image\" data-id=\"f98415b\" data-element_type=\"widget\" data-widget_type=\"image.default\">\n\t\t\t\t<div class=\"elementor-widget-container\">\n\t\t\t\t\t\t\t\t\t\t\t\t\t\t\t<img decoding=\"async\" width=\"150\" height=\"150\" src=\"https:\/\/campus.meidling.vhs.at\/php02\/wordpress\/wp-content\/uploads\/2025\/05\/transparent_circular_logo-1-150x150.png\" class=\"attachment-thumbnail size-thumbnail wp-image-14\" alt=\"\" sizes=\"100vw\" \/>\t\t\t\t\t\t\t\t\t\t\t\t\t\t\t<\/div>\n\t\t\t\t<\/div>\n\t\t\t\t<div class=\"elementor-element elementor-element-3b74660 elementor-widget elementor-widget-heading\" data-id=\"3b74660\" data-element_type=\"widget\" data-widget_type=\"heading.default\">\n\t\t\t\t<div class=\"elementor-widget-container\">\n\t\t\t\t\t<h2 class=\"elementor-heading-title elementor-size-default\">CHIC CLAWS BY JAZZ<\/h2>\t\t\t\t<\/div>\n\t\t\t\t<\/div>\n\t\t\t\t\t<\/div>\n\t\t\t\t<\/div>\n\t\t<div class=\"elementor-element elementor-element-7762679e e-grid e-con-boxed e-con e-parent\" data-id=\"7762679e\" data-element_type=\"container\" data-settings=\"{&quot;background_background&quot;:&quot;classic&quot;}\">\n\t\t\t\t\t<div class=\"e-con-inner\">\n\t\t\t\t<div class=\"elementor-element elementor-element-41871406 elementor-align-left elementor-widget__width-initial elementor-widget elementor-widget-button\" data-id=\"41871406\" data-element_type=\"widget\" data-widget_type=\"button.default\">\n\t\t\t\t<div class=\"elementor-widget-container\">\n\t\t\t\t\t\t\t\t\t<div class=\"elementor-button-wrapper\">\n\t\t\t\t\t<a class=\"elementor-button elementor-button-link elementor-size-sm\" href=\"https:\/\/campus.meidling.vhs.at\/php02\/wordpress\/\">\n\t\t\t\t\t\t<span class=\"elementor-button-content-wrapper\">\n\t\t\t\t\t\t\t\t\t<span class=\"elementor-button-text\">Startseite<\/span>\n\t\t\t\t\t<\/span>\n\t\t\t\t\t<\/a>\n\t\t\t\t<\/div>\n\t\t\t\t\t\t\t\t<\/div>\n\t\t\t\t<\/div>\n\t\t\t\t<div class=\"elementor-element elementor-element-7ff5c905 elementor-widget__width-initial elementor-widget elementor-widget-button\" data-id=\"7ff5c905\" data-element_type=\"widget\" data-widget_type=\"button.default\">\n\t\t\t\t<div class=\"elementor-widget-container\">\n\t\t\t\t\t\t\t\t\t<div class=\"elementor-button-wrapper\">\n\t\t\t\t\t<a class=\"elementor-button elementor-button-link elementor-size-sm\" href=\"https:\/\/campus.meidling.vhs.at\/php02\/wordpress\/index.php\/nagelstets-des-monats\/\">\n\t\t\t\t\t\t<span class=\"elementor-button-content-wrapper\">\n\t\t\t\t\t\t\t\t\t<span class=\"elementor-button-text\">Nagelsets des Monats<\/span>\n\t\t\t\t\t<\/span>\n\t\t\t\t\t<\/a>\n\t\t\t\t<\/div>\n\t\t\t\t\t\t\t\t<\/div>\n\t\t\t\t<\/div>\n\t\t\t\t<div class=\"elementor-element elementor-element-46c72b1 elementor-widget__width-initial elementor-widget elementor-widget-button\" data-id=\"46c72b1\" data-element_type=\"widget\" data-widget_type=\"button.default\">\n\t\t\t\t<div class=\"elementor-widget-container\">\n\t\t\t\t\t\t\t\t\t<div class=\"elementor-button-wrapper\">\n\t\t\t\t\t<a class=\"elementor-button elementor-button-link elementor-size-sm\" href=\"https:\/\/campus.meidling.vhs.at\/php02\/wordpress\/index.php\/termine\/\">\n\t\t\t\t\t\t<span class=\"elementor-button-content-wrapper\">\n\t\t\t\t\t\t\t\t\t<span class=\"elementor-button-text\">Termine<\/span>\n\t\t\t\t\t<\/span>\n\t\t\t\t\t<\/a>\n\t\t\t\t<\/div>\n\t\t\t\t\t\t\t\t<\/div>\n\t\t\t\t<\/div>\n\t\t\t\t<div class=\"elementor-element elementor-element-2a557413 elementor-widget__width-initial elementor-widget elementor-widget-button\" data-id=\"2a557413\" data-element_type=\"widget\" data-widget_type=\"button.default\">\n\t\t\t\t<div class=\"elementor-widget-container\">\n\t\t\t\t\t\t\t\t\t<div class=\"elementor-button-wrapper\">\n\t\t\t\t\t<a class=\"elementor-button elementor-button-link elementor-size-sm\" href=\"https:\/\/campus.meidling.vhs.at\/php02\/wordpress\/index.php\/impressum\/\">\n\t\t\t\t\t\t<span class=\"elementor-button-content-wrapper\">\n\t\t\t\t\t\t\t\t\t<span class=\"elementor-button-text\">Impressum<\/span>\n\t\t\t\t\t<\/span>\n\t\t\t\t\t<\/a>\n\t\t\t\t<\/div>\n\t\t\t\t\t\t\t\t<\/div>\n\t\t\t\t<\/div>\n\t\t\t\t\t<\/div>\n\t\t\t\t<\/div>\n\t\t<div class=\"elementor-element elementor-element-fd4aee3 e-flex e-con-boxed e-con e-parent\" data-id=\"fd4aee3\" data-element_type=\"container\" data-settings=\"{&quot;background_background&quot;:&quot;classic&quot;}\">\n\t\t\t\t\t<div class=\"e-con-inner\">\n\t\t\t\t<div class=\"elementor-element elementor-element-2d55f1f elementor-widget__width-inherit elementor-widget elementor-widget-heading\" data-id=\"2d55f1f\" data-element_type=\"widget\" data-widget_type=\"heading.default\">\n\t\t\t\t<div class=\"elementor-widget-container\">\n\t\t\t\t\t<h2 class=\"elementor-heading-title elementor-size-default\">Nagelsets des Monats: <\/h2>\t\t\t\t<\/div>\n\t\t\t\t<\/div>\n\t\t\t\t<div class=\"elementor-element elementor-element-1297527 elementor-widget-divider--view-line elementor-widget elementor-widget-divider\" data-id=\"1297527\" data-element_type=\"widget\" data-widget_type=\"divider.default\">\n\t\t\t\t<div class=\"elementor-widget-container\">\n\t\t\t\t\t\t\t<div class=\"elementor-divider\">\n\t\t\t<span class=\"elementor-divider-separator\">\n\t\t\t\t\t\t<\/span>\n\t\t<\/div>\n\t\t\t\t\t\t<\/div>\n\t\t\t\t<\/div>\n\t\t\t\t<div class=\"elementor-element elementor-element-926bacd elementor-widget elementor-widget-image\" data-id=\"926bacd\" data-element_type=\"widget\" data-widget_type=\"image.default\">\n\t\t\t\t<div class=\"elementor-widget-container\">\n\t\t\t\t\t\t\t\t\t\t\t\t\t\t\t<img fetchpriority=\"high\" decoding=\"async\" width=\"740\" height=\"916\" src=\"https:\/\/campus.meidling.vhs.at\/php02\/wordpress\/wp-content\/uploads\/2025\/05\/IMG_4621-1-768x951.png\" class=\"attachment-medium_large size-medium_large wp-image-90\" alt=\"\" srcset=\"https:\/\/campus.meidling.vhs.at\/php02\/wordpress\/wp-content\/uploads\/2025\/05\/IMG_4621-1-768x951.png 768w, https:\/\/campus.meidling.vhs.at\/php02\/wordpress\/wp-content\/uploads\/2025\/05\/IMG_4621-1-242x300.png 242w, https:\/\/campus.meidling.vhs.at\/php02\/wordpress\/wp-content\/uploads\/2025\/05\/IMG_4621-1-827x1024.png 827w, https:\/\/campus.meidling.vhs.at\/php02\/wordpress\/wp-content\/uploads\/2025\/05\/IMG_4621-1-1241x1536.png 1241w, https:\/\/campus.meidling.vhs.at\/php02\/wordpress\/wp-content\/uploads\/2025\/05\/IMG_4621-1.png 1290w\" sizes=\"100vw\" \/>\t\t\t\t\t\t\t\t\t\t\t\t\t\t\t<\/div>\n\t\t\t\t<\/div>\n\t\t\t\t\t<\/div>\n\t\t\t\t<\/div>\n\t\t<div class=\"elementor-element elementor-element-811ab33 e-flex e-con-boxed e-con e-parent\" data-id=\"811ab33\" data-element_type=\"container\" data-settings=\"{&quot;background_background&quot;:&quot;classic&quot;}\">\n\t\t\t\t\t<div class=\"e-con-inner\">\n\t\t<div class=\"elementor-element elementor-element-fcb5019 e-con-full e-flex e-con e-child\" data-id=\"fcb5019\" data-element_type=\"container\">\n\t\t\t\t<\/div>\n\t\t\t\t<div class=\"elementor-element elementor-element-576636e elementor-widget__width-inherit elementor-widget elementor-widget-heading\" data-id=\"576636e\" data-element_type=\"widget\" data-widget_type=\"heading.default\">\n\t\t\t\t<div class=\"elementor-widget-container\">\n\t\t\t\t\t<h2 class=\"elementor-heading-title elementor-size-default\">Weitere Trends 2025:<\/h2>\t\t\t\t<\/div>\n\t\t\t\t<\/div>\n\t\t<div class=\"elementor-element elementor-element-a6ca372 e-con-full e-flex e-con e-child\" data-id=\"a6ca372\" data-element_type=\"container\">\n\t\t\t\t<div class=\"elementor-element elementor-element-6862872 elementor-widget elementor-widget-text-editor\" data-id=\"6862872\" data-element_type=\"widget\" data-widget_type=\"text-editor.default\">\n\t\t\t\t<div class=\"elementor-widget-container\">\n\t\t\t\t\t\t\t\t\t<h1><span style=\"color: #000000;\"><strong>Welche Nageldesigntrends erwarten uns im Sommer 2025?\u00a0<\/strong><\/span><\/h1><h3><span style=\"color: #000000;\">Schlichtes French, Spritzige Pastellfarben, Farbverl\u00e4ufe oder s\u00fc\u00dfe Sticker sollten aufjedenfall beim n\u00e4chsten Nagelstudiotermin dabei sein!\u00a0<\/span><\/h3><h3><span style=\"color: #000000;\">Bei Almond und Square-Shapes sind SIe aufjedenfall auf der sicheren Seite. Farblich sind Pastellfarben, wie Babyblau und -rosa wieder im Trend. Frenchn\u00e4gel sowohl im Verlauf, als auf doppelt umrandet sind wieder in. Farbige Sticker von Fr\u00fcchten, Gem\u00fcse und kleine Symbole sind auch bei vielen Influencern und Stars zu sehen.\u00a0<\/span><\/h3>\t\t\t\t\t\t\t\t<\/div>\n\t\t\t\t<\/div>\n\t\t\t\t<\/div>\n\t\t<div class=\"elementor-element elementor-element-cebd4a5 e-con-full e-flex e-con e-child\" data-id=\"cebd4a5\" data-element_type=\"container\">\n\t\t\t\t<div class=\"elementor-element elementor-element-34e3190 elementor-widget__width-initial elementor-widget elementor-widget-image\" data-id=\"34e3190\" data-element_type=\"widget\" data-widget_type=\"image.default\">\n\t\t\t\t<div class=\"elementor-widget-container\">\n\t\t\t\t\t\t\t\t\t\t\t\t\t\t\t<img decoding=\"async\" width=\"265\" height=\"300\" src=\"https:\/\/campus.meidling.vhs.at\/php02\/wordpress\/wp-content\/uploads\/2025\/05\/IMG_4623-265x300.png\" class=\"attachment-medium size-medium wp-image-92\" alt=\"\" srcset=\"https:\/\/campus.meidling.vhs.at\/php02\/wordpress\/wp-content\/uploads\/2025\/05\/IMG_4623-265x300.png 265w, https:\/\/campus.meidling.vhs.at\/php02\/wordpress\/wp-content\/uploads\/2025\/05\/IMG_4623-904x1024.png 904w, https:\/\/campus.meidling.vhs.at\/php02\/wordpress\/wp-content\/uploads\/2025\/05\/IMG_4623-768x870.png 768w, https:\/\/campus.meidling.vhs.at\/php02\/wordpress\/wp-content\/uploads\/2025\/05\/IMG_4623.png 1290w\" sizes=\"100vw\" \/>\t\t\t\t\t\t\t\t\t\t\t\t\t\t\t<\/div>\n\t\t\t\t<\/div>\n\t\t\t\t<div class=\"elementor-element elementor-element-b6cd247 elementor-widget__width-initial elementor-widget elementor-widget-image\" data-id=\"b6cd247\" data-element_type=\"widget\" data-widget_type=\"image.default\">\n\t\t\t\t<div class=\"elementor-widget-container\">\n\t\t\t\t\t\t\t\t\t\t\t\t\t\t\t<img loading=\"lazy\" decoding=\"async\" width=\"244\" height=\"300\" src=\"https:\/\/campus.meidling.vhs.at\/php02\/wordpress\/wp-content\/uploads\/2025\/05\/IMG_4622-244x300.png\" class=\"attachment-medium size-medium wp-image-91\" alt=\"\" srcset=\"https:\/\/campus.meidling.vhs.at\/php02\/wordpress\/wp-content\/uploads\/2025\/05\/IMG_4622-244x300.png 244w, https:\/\/campus.meidling.vhs.at\/php02\/wordpress\/wp-content\/uploads\/2025\/05\/IMG_4622-832x1024.png 832w, https:\/\/campus.meidling.vhs.at\/php02\/wordpress\/wp-content\/uploads\/2025\/05\/IMG_4622-768x945.png 768w, https:\/\/campus.meidling.vhs.at\/php02\/wordpress\/wp-content\/uploads\/2025\/05\/IMG_4622-1249x1536.png 1249w, https:\/\/campus.meidling.vhs.at\/php02\/wordpress\/wp-content\/uploads\/2025\/05\/IMG_4622.png 1290w\" sizes=\"100vw\" \/>\t\t\t\t\t\t\t\t\t\t\t\t\t\t\t<\/div>\n\t\t\t\t<\/div>\n\t\t\t\t<\/div>\n\t\t\t\t\t<\/div>\n\t\t\t\t<\/div>\n\t\t<div class=\"elementor-element elementor-element-62c8779 e-flex e-con-boxed e-con e-parent\" data-id=\"62c8779\" data-element_type=\"container\" data-settings=\"{&quot;background_background&quot;:&quot;classic&quot;}\">\n\t\t\t\t\t<div class=\"e-con-inner\">\n\t\t\t\t<div class=\"elementor-element elementor-element-dfb4e67 elementor-widget-divider--separator-type-pattern elementor-widget-divider--view-line elementor-widget elementor-widget-divider\" data-id=\"dfb4e67\" data-element_type=\"widget\" data-widget_type=\"divider.default\">\n\t\t\t\t<div class=\"elementor-widget-container\">\n\t\t\t\t\t\t\t<div class=\"elementor-divider\" style=\"--divider-pattern-url: url(&quot;data:image\/svg+xml,%3Csvg xmlns=&#039;http:\/\/www.w3.org\/2000\/svg&#039; preserveAspectRatio=&#039;none&#039; overflow=&#039;visible&#039; height=&#039;100%&#039; viewBox=&#039;0 0 24 24&#039; fill=&#039;none&#039; stroke=&#039;black&#039; stroke-width=&#039;1&#039; stroke-linecap=&#039;square&#039; stroke-miterlimit=&#039;10&#039;%3E%3Cpath d=&#039;M0,21c3.3,0,8.3-0.9,15.7-7.1c6.6-5.4,4.4-9.3,2.4-10.3c-3.4-1.8-7.7,1.3-7.3,8.8C11.2,20,17.1,21,24,21&#039;\/%3E%3C\/svg%3E&quot;);\">\n\t\t\t<span class=\"elementor-divider-separator\">\n\t\t\t\t\t\t<\/span>\n\t\t<\/div>\n\t\t\t\t\t\t<\/div>\n\t\t\t\t<\/div>\n\t\t\t\t\t<\/div>\n\t\t\t\t<\/div>\n\t\t<div class=\"elementor-element elementor-element-6c8b59c5 e-grid e-con-boxed e-con e-parent\" data-id=\"6c8b59c5\" data-element_type=\"container\" data-settings=\"{&quot;background_background&quot;:&quot;gradient&quot;}\">\n\t\t\t\t\t<div class=\"e-con-inner\">\n\t\t\t\t<div class=\"elementor-element elementor-element-1d7c69f4 elementor-align-center elementor-widget elementor-widget-button\" data-id=\"1d7c69f4\" data-element_type=\"widget\" data-widget_type=\"button.default\">\n\t\t\t\t<div class=\"elementor-widget-container\">\n\t\t\t\t\t\t\t\t\t<div class=\"elementor-button-wrapper\">\n\t\t\t\t\t<a class=\"elementor-button elementor-button-link elementor-size-sm\" href=\"https:\/\/campus.meidling.vhs.at\/php02\/wordpress\/index.php\/datenschutz\/\">\n\t\t\t\t\t\t<span class=\"elementor-button-content-wrapper\">\n\t\t\t\t\t\t\t\t\t<span class=\"elementor-button-text\">Erfahren Sie mehr \u00fcber Ihren Datenschutz<\/span>\n\t\t\t\t\t<\/span>\n\t\t\t\t\t<\/a>\n\t\t\t\t<\/div>\n\t\t\t\t\t\t\t\t<\/div>\n\t\t\t\t<\/div>\n\t\t\t\t<div class=\"elementor-element elementor-element-2cb18905 elementor-align-center elementor-widget elementor-widget-button\" data-id=\"2cb18905\" data-element_type=\"widget\" data-widget_type=\"button.default\">\n\t\t\t\t<div class=\"elementor-widget-container\">\n\t\t\t\t\t\t\t\t\t<div class=\"elementor-button-wrapper\">\n\t\t\t\t\t<a class=\"elementor-button elementor-button-link elementor-size-sm\" href=\"https:\/\/campus.meidling.vhs.at\/php02\/wordpress\/index.php\/datenschutz\/\">\n\t\t\t\t\t\t<span class=\"elementor-button-content-wrapper\">\n\t\t\t\t\t\t\t\t\t<span class=\"elementor-button-text\">Impressum<\/span>\n\t\t\t\t\t<\/span>\n\t\t\t\t\t<\/a>\n\t\t\t\t<\/div>\n\t\t\t\t\t\t\t\t<\/div>\n\t\t\t\t<\/div>\n\t\t\t\t<div class=\"elementor-element elementor-element-1d4be90e elementor-widget elementor-widget-text-editor\" data-id=\"1d4be90e\" data-element_type=\"widget\" data-widget_type=\"text-editor.default\">\n\t\t\t\t<div class=\"elementor-widget-container\">\n\t\t\t\t\t\t\t\t\t<p>Stolz pr\u00e4sentiert mit <a href=\"https:\/\/wordpress.com\/de\/\">WordPress.<\/a><\/p>\t\t\t\t\t\t\t\t<\/div>\n\t\t\t\t<\/div>\n\t\t\t\t\t<\/div>\n\t\t\t\t<\/div>\n\t\t<div class=\"elementor-element elementor-element-39b2a61 e-flex e-con-boxed e-con e-parent\" data-id=\"39b2a61\" data-element_type=\"container\">\n\t\t\t\t\t<div class=\"e-con-inner\">\n\t\t\t\t\t<\/div>\n\t\t\t\t<\/div>\n\t\t\t\t<\/div>\n\t\t","protected":false},"excerpt":{"rendered":"<p>CHIC CLAWS BY JAZZ Startseite Nagelsets des Monats Termine Impressum Nagelsets des Monats: Weitere Trends 2025: Welche Nageldesigntrends erwarten uns im Sommer 2025?\u00a0 Schlichtes French, Spritzige Pastellfarben, Farbverl\u00e4ufe oder s\u00fc\u00dfe Sticker sollten aufjedenfall beim n\u00e4chsten Nagelstudiotermin dabei sein!\u00a0 Bei Almond und Square-Shapes sind SIe aufjedenfall auf der sicheren Seite. Farblich sind Pastellfarben, wie Babyblau und &hellip; <\/p>\n<p class=\"link-more\"><a href=\"https:\/\/campus.meidling.vhs.at\/php02\/wordpress\/index.php\/nagelstets-des-monats\/\" class=\"more-link\"><span class=\"screen-reader-text\">\u201eNagelstets des Monats\u201c<\/span> weiterlesen<\/a><\/p>\n","protected":false},"author":1,"featured_media":0,"parent":0,"menu_order":0,"comment_status":"closed","ping_status":"closed","template":"elementor_canvas","meta":{"footnotes":""},"class_list":["post-140","page","type-page","status-publish","hentry"],"_links":{"self":[{"href":"https:\/\/campus.meidling.vhs.at\/php02\/wordpress\/index.php\/wp-json\/wp\/v2\/pages\/140","targetHints":{"allow":["GET"]}}],"collection":[{"href":"https:\/\/campus.meidling.vhs.at\/php02\/wordpress\/index.php\/wp-json\/wp\/v2\/pages"}],"about":[{"href":"https:\/\/campus.meidling.vhs.at\/php02\/wordpress\/index.php\/wp-json\/wp\/v2\/types\/page"}],"author":[{"embeddable":true,"href":"https:\/\/campus.meidling.vhs.at\/php02\/wordpress\/index.php\/wp-json\/wp\/v2\/users\/1"}],"replies":[{"embeddable":true,"href":"https:\/\/campus.meidling.vhs.at\/php02\/wordpress\/index.php\/wp-json\/wp\/v2\/comments?post=140"}],"version-history":[{"count":16,"href":"https:\/\/campus.meidling.vhs.at\/php02\/wordpress\/index.php\/wp-json\/wp\/v2\/pages\/140\/revisions"}],"predecessor-version":[{"id":305,"href":"https:\/\/campus.meidling.vhs.at\/php02\/wordpress\/index.php\/wp-json\/wp\/v2\/pages\/140\/revisions\/305"}],"wp:attachment":[{"href":"https:\/\/campus.meidling.vhs.at\/php02\/wordpress\/index.php\/wp-json\/wp\/v2\/media?parent=140"}],"curies":[{"name":"wp","href":"https:\/\/api.w.org\/{rel}","templated":true}]}}