{"id":266,"date":"2025-05-26T20:28:22","date_gmt":"2025-05-26T18:28:22","guid":{"rendered":"https:\/\/campus.meidling.vhs.at\/php04\/wordpress\/?page_id=266"},"modified":"2025-06-11T09:58:08","modified_gmt":"2025-06-11T07:58:08","slug":"ueber-uns","status":"publish","type":"page","link":"https:\/\/campus.meidling.vhs.at\/php04\/wordpress\/index.php\/ueber-uns\/","title":{"rendered":"\u00dcber uns"},"content":{"rendered":"\t\t<div data-elementor-type=\"wp-page\" data-elementor-id=\"266\" class=\"elementor elementor-266\">\n\t\t\t\t<div class=\"elementor-element elementor-element-1d1e2eaf e-flex e-con-boxed e-con e-parent\" data-id=\"1d1e2eaf\" data-element_type=\"container\" data-settings=\"{&quot;background_background&quot;:&quot;classic&quot;}\">\n\t\t\t\t\t<div class=\"e-con-inner\">\n\t\t\t\t<div class=\"elementor-element elementor-element-cd58df4 elementor-widget elementor-widget-spacer\" data-id=\"cd58df4\" data-element_type=\"widget\" data-widget_type=\"spacer.default\">\n\t\t\t\t<div class=\"elementor-widget-container\">\n\t\t\t\t\t\t\t<div class=\"elementor-spacer\">\n\t\t\t<div class=\"elementor-spacer-inner\"><\/div>\n\t\t<\/div>\n\t\t\t\t\t\t<\/div>\n\t\t\t\t<\/div>\n\t\t\t\t<div class=\"elementor-element elementor-element-28cde83f elementor-widget elementor-widget-heading\" data-id=\"28cde83f\" data-element_type=\"widget\" data-widget_type=\"heading.default\">\n\t\t\t\t<div class=\"elementor-widget-container\">\n\t\t\t\t\t<h1 class=\"elementor-heading-title elementor-size-default\">Kontakt<\/h1>\t\t\t\t<\/div>\n\t\t\t\t<\/div>\n\t\t\t\t\t<\/div>\n\t\t\t\t<\/div>\n\t\t<div class=\"elementor-element elementor-element-188331c e-flex e-con-boxed e-con e-parent\" data-id=\"188331c\" data-element_type=\"container\">\n\t\t\t\t\t<div class=\"e-con-inner\">\n\t\t\t\t<div class=\"elementor-element elementor-element-6797673 elementor-widget elementor-widget-spacer\" data-id=\"6797673\" data-element_type=\"widget\" data-widget_type=\"spacer.default\">\n\t\t\t\t<div class=\"elementor-widget-container\">\n\t\t\t\t\t\t\t<div class=\"elementor-spacer\">\n\t\t\t<div class=\"elementor-spacer-inner\"><\/div>\n\t\t<\/div>\n\t\t\t\t\t\t<\/div>\n\t\t\t\t<\/div>\n\t\t<div class=\"elementor-element elementor-element-3068841 e-con-full e-flex e-con e-child\" data-id=\"3068841\" data-element_type=\"container\">\n\t\t\t\t<div class=\"elementor-element elementor-element-e67fb00 elementor-widget elementor-widget-heading\" data-id=\"e67fb00\" data-element_type=\"widget\" data-widget_type=\"heading.default\">\n\t\t\t\t<div class=\"elementor-widget-container\">\n\t\t\t\t\t<h2 class=\"elementor-heading-title elementor-size-default\">Hinter unserer Oldtimer-Werkstatt stehen zwei Menschen mit echter Leidenschaft f\u00fcr klassische Fahrzeuge \u2013 und mit dem Wissen, das daf\u00fcr z\u00e4hlt.<\/h2>\t\t\t\t<\/div>\n\t\t\t\t<\/div>\n\t\t\t\t<\/div>\n\t\t\t\t<div class=\"elementor-element elementor-element-5a5a310 elementor-widget-divider--view-line elementor-widget elementor-widget-divider\" data-id=\"5a5a310\" data-element_type=\"widget\" data-widget_type=\"divider.default\">\n\t\t\t\t<div class=\"elementor-widget-container\">\n\t\t\t\t\t\t\t<div class=\"elementor-divider\">\n\t\t\t<span class=\"elementor-divider-separator\">\n\t\t\t\t\t\t<\/span>\n\t\t<\/div>\n\t\t\t\t\t\t<\/div>\n\t\t\t\t<\/div>\n\t\t\t\t\t<\/div>\n\t\t\t\t<\/div>\n\t\t<div class=\"elementor-element elementor-element-a25dd57 e-flex e-con-boxed e-con e-parent\" data-id=\"a25dd57\" data-element_type=\"container\">\n\t\t\t\t\t<div class=\"e-con-inner\">\n\t\t<div class=\"elementor-element elementor-element-6ba79d3 e-con-full e-flex e-con e-child\" data-id=\"6ba79d3\" data-element_type=\"container\">\n\t\t\t\t<div class=\"elementor-element elementor-element-8db843b elementor-widget elementor-widget-text-editor\" data-id=\"8db843b\" data-element_type=\"widget\" data-widget_type=\"text-editor.default\">\n\t\t\t\t<div class=\"elementor-widget-container\">\n\t\t\t\t\t\t\t\t\t<p data-start=\"331\" data-end=\"686\"><strong data-start=\"331\" data-end=\"359\">GS<\/strong> ist seit Jahrzehnten in der Kfz-Branche zu Hause. Als ehemaliger Sachverst\u00e4ndiger und langj\u00e4hriger Werkst\u00e4ttenleiter bringt er nicht nur umfassendes technisches Know-how mit, sondern auch ein feines Gesp\u00fcr f\u00fcr die besonderen Bed\u00fcrfnisse von Oldtimern. Qualit\u00e4t, Pr\u00e4zision und ehrliche Beratung stehen bei ihm an erster Stelle.<\/p>\t\t\t\t\t\t\t\t<\/div>\n\t\t\t\t<\/div>\n\t\t\t\t<\/div>\n\t\t<div class=\"elementor-element elementor-element-91ce237 e-con-full e-flex e-con e-child\" data-id=\"91ce237\" data-element_type=\"container\">\n\t\t\t\t<\/div>\n\t\t<div class=\"elementor-element elementor-element-83f9d59 e-con-full e-flex e-con e-child\" data-id=\"83f9d59\" data-element_type=\"container\" data-settings=\"{&quot;background_background&quot;:&quot;classic&quot;}\">\n\t\t\t\t<\/div>\n\t\t\t\t\t<\/div>\n\t\t\t\t<\/div>\n\t\t<div class=\"elementor-element elementor-element-06430f5 e-flex e-con-boxed e-con e-parent\" data-id=\"06430f5\" data-element_type=\"container\">\n\t\t\t\t\t<div class=\"e-con-inner\">\n\t\t\t\t<div class=\"elementor-element elementor-element-6dadc1b elementor-widget-divider--view-line elementor-widget elementor-widget-divider\" data-id=\"6dadc1b\" data-element_type=\"widget\" data-widget_type=\"divider.default\">\n\t\t\t\t<div class=\"elementor-widget-container\">\n\t\t\t\t\t\t\t<div class=\"elementor-divider\">\n\t\t\t<span class=\"elementor-divider-separator\">\n\t\t\t\t\t\t<\/span>\n\t\t<\/div>\n\t\t\t\t\t\t<\/div>\n\t\t\t\t<\/div>\n\t\t\t\t\t<\/div>\n\t\t\t\t<\/div>\n\t\t<div class=\"elementor-element elementor-element-87f4537 e-flex e-con-boxed e-con e-parent\" data-id=\"87f4537\" data-element_type=\"container\">\n\t\t\t\t\t<div class=\"e-con-inner\">\n\t\t<div class=\"elementor-element elementor-element-a48c2e6 e-con-full e-flex e-con e-child\" data-id=\"a48c2e6\" data-element_type=\"container\" data-settings=\"{&quot;background_background&quot;:&quot;classic&quot;}\">\n\t\t\t\t<\/div>\n\t\t<div class=\"elementor-element elementor-element-e667f9a e-con-full e-flex e-con e-child\" data-id=\"e667f9a\" data-element_type=\"container\">\n\t\t\t\t<div class=\"elementor-element elementor-element-a3ce6c2 elementor-widget elementor-widget-text-editor\" data-id=\"a3ce6c2\" data-element_type=\"widget\" data-widget_type=\"text-editor.default\">\n\t\t\t\t<div class=\"elementor-widget-container\">\n\t\t\t\t\t\t\t\t\t<p data-start=\"331\" data-end=\"686\"><strong data-start=\"688\" data-end=\"714\">SP <\/strong>erg\u00e4nzt das Team mit seiner Erfahrung aus der Versicherungswelt. Als Inhaber einer Versicherungsagentur kennt er die b\u00fcrokratischen Abl\u00e4ufe und sorgt daf\u00fcr, dass auch im Hintergrund alles reibungslos l\u00e4uft \u2013 ob bei An- und Verkauf, Leasing oder der Abwicklung mit Versicherungen.<\/p>\t\t\t\t\t\t\t\t<\/div>\n\t\t\t\t<\/div>\n\t\t\t\t<\/div>\n\t\t\t\t\t<\/div>\n\t\t\t\t<\/div>\n\t\t<div class=\"elementor-element elementor-element-d5c8512 e-flex e-con-boxed e-con e-parent\" data-id=\"d5c8512\" data-element_type=\"container\">\n\t\t\t\t\t<div class=\"e-con-inner\">\n\t\t\t\t<div class=\"elementor-element elementor-element-81283be elementor-widget-divider--view-line elementor-widget elementor-widget-divider\" data-id=\"81283be\" data-element_type=\"widget\" data-widget_type=\"divider.default\">\n\t\t\t\t<div class=\"elementor-widget-container\">\n\t\t\t\t\t\t\t<div class=\"elementor-divider\">\n\t\t\t<span class=\"elementor-divider-separator\">\n\t\t\t\t\t\t<\/span>\n\t\t<\/div>\n\t\t\t\t\t\t<\/div>\n\t\t\t\t<\/div>\n\t\t\t\t<div class=\"elementor-element elementor-element-788ad33 elementor-widget elementor-widget-counter\" data-id=\"788ad33\" data-element_type=\"widget\" data-widget_type=\"counter.default\">\n\t\t\t\t<div class=\"elementor-widget-container\">\n\t\t\t\t\t\t\t<div class=\"elementor-counter\">\n\t\t\t<h4 class=\"elementor-counter-title\">Jahre Erfahrung<\/h4>\t\t\t<div class=\"elementor-counter-number-wrapper\">\n\t\t\t\t<span class=\"elementor-counter-number-prefix\"><\/span>\n\t\t\t\t<span class=\"elementor-counter-number\" data-duration=\"2000\" data-to-value=\"20\" data-from-value=\"1\" data-delimiter=\",\">1<\/span>\n\t\t\t\t<span class=\"elementor-counter-number-suffix\">+<\/span>\n\t\t\t<\/div>\n\t\t<\/div>\n\t\t\t\t\t\t<\/div>\n\t\t\t\t<\/div>\n\t\t\t\t\t<\/div>\n\t\t\t\t<\/div>\n\t\t<div class=\"elementor-element elementor-element-c036338 e-flex e-con-boxed e-con e-parent\" data-id=\"c036338\" data-element_type=\"container\">\n\t\t\t\t\t<div class=\"e-con-inner\">\n\t\t\t\t<div class=\"elementor-element elementor-element-7b11f70 elementor-widget elementor-widget-heading\" data-id=\"7b11f70\" data-element_type=\"widget\" data-widget_type=\"heading.default\">\n\t\t\t\t<div class=\"elementor-widget-container\">\n\t\t\t\t\t<h3 class=\"elementor-heading-title elementor-size-default\">Gemeinsam verfolgen wir ein Ziel:\nOldtimer mit Herz, Verstand und Handschlagqualit\u00e4t zu betreuen.<\/h3>\t\t\t\t<\/div>\n\t\t\t\t<\/div>\n\t\t\t\t<div class=\"elementor-element elementor-element-d51851e elementor-widget elementor-widget-heading\" data-id=\"d51851e\" data-element_type=\"widget\" data-widget_type=\"heading.default\">\n\t\t\t\t<div class=\"elementor-widget-container\">\n\t\t\t\t\t<h3 class=\"elementor-heading-title elementor-size-default\">Wir legen gro\u00dfen Wert auf pers\u00f6nliche Beratung, ehrliche Kommunikation und ein freundschaftliches Miteinander \u2013 mit unseren Kunden und den Fahrzeugen.<\/h3>\t\t\t\t<\/div>\n\t\t\t\t<\/div>\n\t\t\t\t\t<\/div>\n\t\t\t\t<\/div>\n\t\t<div class=\"elementor-element elementor-element-5dfee29 e-flex e-con-boxed e-con e-parent\" data-id=\"5dfee29\" data-element_type=\"container\">\n\t\t\t\t\t<div class=\"e-con-inner\">\n\t\t\t\t\t<\/div>\n\t\t\t\t<\/div>\n\t\t\t\t<\/div>\n\t\t","protected":false},"excerpt":{"rendered":"<p>Kontakt Hinter unserer Oldtimer-Werkstatt stehen zwei Menschen mit echter Leidenschaft f\u00fcr klassische Fahrzeuge \u2013 und mit dem Wissen, das daf\u00fcr [&hellip;]<\/p>\n","protected":false},"author":1,"featured_media":0,"parent":0,"menu_order":0,"comment_status":"closed","ping_status":"closed","template":"","meta":{"site-sidebar-layout":"no-sidebar","site-content-layout":"","ast-site-content-layout":"full-width-container","site-content-style":"default","site-sidebar-style":"default","ast-global-header-display":"","ast-banner-title-visibility":"","ast-main-header-display":"","ast-hfb-above-header-display":"","ast-hfb-below-header-display":"","ast-hfb-mobile-header-display":"","site-post-title":"disabled","ast-breadcrumbs-content":"","ast-featured-img":"disabled","footer-sml-layout":"","theme-transparent-header-meta":"","adv-header-id-meta":"","stick-header-meta":"","header-above-stick-meta":"","header-main-stick-meta":"","header-below-stick-meta":"","astra-migrate-meta-layouts":"default","ast-page-background-enabled":"default","ast-page-background-meta":{"desktop":{"background-color":"var(--ast-global-color-4)","background-image":"","background-repeat":"repeat","background-position":"center center","background-size":"auto","background-attachment":"scroll","background-type":"","background-media":"","overlay-type":"","overlay-color":"","overlay-opacity":"","overlay-gradient":""},"tablet":{"background-color":"","background-image":"","background-repeat":"repeat","background-position":"center center","background-size":"auto","background-attachment":"scroll","background-type":"","background-media":"","overlay-type":"","overlay-color":"","overlay-opacity":"","overlay-gradient":""},"mobile":{"background-color":"","background-image":"","background-repeat":"repeat","background-position":"center center","background-size":"auto","background-attachment":"scroll","background-type":"","background-media":"","overlay-type":"","overlay-color":"","overlay-opacity":"","overlay-gradient":""}},"ast-content-background-meta":{"desktop":{"background-color":"var(--ast-global-color-5)","background-image":"","background-repeat":"repeat","background-position":"center center","background-size":"auto","background-attachment":"scroll","background-type":"","background-media":"","overlay-type":"","overlay-color":"","overlay-opacity":"","overlay-gradient":""},"tablet":{"background-color":"var(--ast-global-color-5)","background-image":"","background-repeat":"repeat","background-position":"center center","background-size":"auto","background-attachment":"scroll","background-type":"","background-media":"","overlay-type":"","overlay-color":"","overlay-opacity":"","overlay-gradient":""},"mobile":{"background-color":"var(--ast-global-color-5)","background-image":"","background-repeat":"repeat","background-position":"center center","background-size":"auto","background-attachment":"scroll","background-type":"","background-media":"","overlay-type":"","overlay-color":"","overlay-opacity":"","overlay-gradient":""}},"footnotes":""},"class_list":["post-266","page","type-page","status-publish","hentry"],"_links":{"self":[{"href":"https:\/\/campus.meidling.vhs.at\/php04\/wordpress\/index.php\/wp-json\/wp\/v2\/pages\/266","targetHints":{"allow":["GET"]}}],"collection":[{"href":"https:\/\/campus.meidling.vhs.at\/php04\/wordpress\/index.php\/wp-json\/wp\/v2\/pages"}],"about":[{"href":"https:\/\/campus.meidling.vhs.at\/php04\/wordpress\/index.php\/wp-json\/wp\/v2\/types\/page"}],"author":[{"embeddable":true,"href":"https:\/\/campus.meidling.vhs.at\/php04\/wordpress\/index.php\/wp-json\/wp\/v2\/users\/1"}],"replies":[{"embeddable":true,"href":"https:\/\/campus.meidling.vhs.at\/php04\/wordpress\/index.php\/wp-json\/wp\/v2\/comments?post=266"}],"version-history":[{"count":18,"href":"https:\/\/campus.meidling.vhs.at\/php04\/wordpress\/index.php\/wp-json\/wp\/v2\/pages\/266\/revisions"}],"predecessor-version":[{"id":629,"href":"https:\/\/campus.meidling.vhs.at\/php04\/wordpress\/index.php\/wp-json\/wp\/v2\/pages\/266\/revisions\/629"}],"wp:attachment":[{"href":"https:\/\/campus.meidling.vhs.at\/php04\/wordpress\/index.php\/wp-json\/wp\/v2\/media?parent=266"}],"curies":[{"name":"wp","href":"https:\/\/api.w.org\/{rel}","templated":true}]}}